{"id":3266,"date":"2013-08-22T10:53:12","date_gmt":"2013-08-22T10:53:12","guid":{"rendered":"http:\/\/neu.innovationsgesellschaft.ch\/publikationen\/reports\/reports-chronologisch\/"},"modified":"2016-06-09T08:11:55","modified_gmt":"2016-06-09T06:11:55","slug":"reports-chronologisch","status":"publish","type":"page","link":"http:\/\/innovationsgesellschaft.ch\/en\/publications\/event-documentation\/reports-chronologisch\/","title":{"rendered":"Archive"},"content":{"rendered":"<h2><a href=\"http:\/\/innovationsgesellschaft.ch\/wp-content\/uploads\/2013\/07\/TitelbildOIM_klein.png\"><br \/>\n<\/a><img loading=\"lazy\" decoding=\"async\" class=\"alignright size-full wp-image-1401\" src=\"http:\/\/innovationsgesellschaft.ch\/wp-content\/uploads\/2013\/07\/TitelbildOIM_klein.png\" alt=\"TitelbildOIM_klein\" width=\"149\" height=\"219\" srcset=\"http:\/\/innovationsgesellschaft.ch\/wp-content\/uploads\/2013\/07\/TitelbildOIM_klein.png 149w, http:\/\/innovationsgesellschaft.ch\/wp-content\/uploads\/2013\/07\/TitelbildOIM_klein-84x124.png 84w\" sizes=\"auto, (max-width: 149px) 100vw, 149px\" \/>Open Innovation Monitor 2012:<\/h2>\n<p>\"Status quo, trends and future prospects\"<\/p>\n<p>October 2012<\/p>\n<h3>Author<\/h3>\n<p>R. Rekece, H.-D. Zimmermann, C. Meili<\/p>\n<h3>Document<\/h3>\n<p>You can order the white paper by\u00a0<a title=\"Bestellung Whitepaper\" href=\"mailto:info@innovationsgesellschaft.ch\" target=\"_blank\">E-Mail<\/a>\u00a0free of charge.<\/p>\n<h3>Description<\/h3>\n<p>The \"Open-Innovation-Monitor 2012\" is a regular survey among more than 200 German-speaking executives about open innovation methodology, crowdsourcing and the tools within the open innovation process.<\/p>\n<p>&nbsp;<\/p>\n<p>&nbsp;<\/p>\n<h2><\/h2>\n<h2><img loading=\"lazy\" decoding=\"async\" class=\"alignright size-full wp-image-1444\" src=\"http:\/\/innovationsgesellschaft.ch\/wp-content\/uploads\/2013\/07\/NanoCode.png\" alt=\"NanoCode\" width=\"150\" height=\"209\" srcset=\"http:\/\/innovationsgesellschaft.ch\/wp-content\/uploads\/2013\/07\/NanoCode.png 150w, http:\/\/innovationsgesellschaft.ch\/wp-content\/uploads\/2013\/07\/NanoCode-88x124.png 88w\" sizes=\"auto, (max-width: 150px) 100vw, 150px\" \/><\/h2>\n<h2>NanoCode Synthesis Report:<\/h2>\n<p>\"Synthesis report on codes of conduct, voluntary measures and practices towards a responsible development of N&amp;N\"<\/p>\n<p>September 2010<\/p>\n<h3>Authors<\/h3>\n<p>E. Mantovani, A. Porcari, A. Azzolini<\/p>\n<h3>Description<\/h3>\n<p>The objective of NanoCode is to define and develop a framework aimed at supporting the successful integration and implementation of the Code of Conduct (CoC) for nanosciences and nanotechnologies (N&amp;N) research as proposed by the European Commission. This report provides an\u00a0 assessment of the regulatory and policy situation with reference to the activities in the field of nanotechnology (Work Package 1).<\/p>\n<h3>Document<\/h3>\n<p><a href=\"http:\/\/innovationsgesellschaft.ch\/wp-content\/uploads\/2013\/07\/NanocodeProjectSynthesisReport_web.pdf\">Full Report<\/a>, english, pdf 1 MB<\/p>\n<p>&nbsp;<\/p>\n<p>&nbsp;<\/p>\n<h2><img loading=\"lazy\" decoding=\"async\" class=\"alignright size-full wp-image-1450\" src=\"http:\/\/innovationsgesellschaft.ch\/wp-content\/uploads\/2013\/07\/FramingNAno.png\" alt=\"FramingNAno\" width=\"150\" height=\"216\" srcset=\"http:\/\/innovationsgesellschaft.ch\/wp-content\/uploads\/2013\/07\/FramingNAno.png 150w, http:\/\/innovationsgesellschaft.ch\/wp-content\/uploads\/2013\/07\/FramingNAno-86x124.png 86w\" sizes=\"auto, (max-width: 150px) 100vw, 150px\" \/>FramingNano Final Report:<\/h2>\n<p>\"The FramingNano Governance Platform - A New Integrated Approach to the Responsible Development of Nanotechnologies\"<\/p>\n<p>March 2010<\/p>\n<h3>Authors<\/h3>\n<p>M. Widmer, C. Meili, E. Mantovani, A. Porcari<\/p>\n<h3>Description<\/h3>\n<p>The final project report to the FramingNano FP7 project describes the FramingNano governance platform for Good Governance of nanotechnologies and documents the results of two years of research and consultations with stakeholders.<\/p>\n<h3>Document<\/h3>\n<p><a href=\"http:\/\/innovationsgesellschaft.ch\/wp-content\/uploads\/2013\/07\/FramingNano_Executive_Summary_Final.pdf\">Executive Summary<\/a>, english, pdf 620 KB<\/p>\n<p><a href=\"http:\/\/innovationsgesellschaft.ch\/wp-content\/uploads\/2013\/07\/FramingNano_Complete_Final_Report.pdf\">Full Report<\/a>, english, pdf 1.5 MB<\/p>\n<p>&nbsp;<\/p>\n<p>&nbsp;<\/p>\n<h2><img loading=\"lazy\" decoding=\"async\" class=\"alignright size-full wp-image-1417\" src=\"http:\/\/innovationsgesellschaft.ch\/wp-content\/uploads\/2013\/07\/NanoReg09.png\" alt=\"NanoReg09\" width=\"150\" height=\"213\" srcset=\"http:\/\/innovationsgesellschaft.ch\/wp-content\/uploads\/2013\/07\/NanoReg09.png 150w, http:\/\/innovationsgesellschaft.ch\/wp-content\/uploads\/2013\/07\/NanoReg09-87x124.png 87w\" sizes=\"auto, (max-width: 150px) 100vw, 150px\" \/><\/h2>\n<h2>5th NanoRegulation Conference Report:<\/h2>\n<p>\"No Data, no Market\" - Challenges to Nano-Information and Nano-Communication along the Value Chain<\/p>\n<p>January 2010<\/p>\n<h3>Authors<\/h3>\n<p>C. Meili, S. Kn\u00e9bel, M. Dietiker, M. Widmer<\/p>\n<h3>Document<\/h3>\n<p>Download:\u00a0<a href=\"http:\/\/innovationsgesellschaft.ch\/wp-content\/uploads\/2013\/07\/NanoRegulation_5_Report_2009.pdf\">PDF-File<\/a>\u00a0(english, 3.82 MB)<\/p>\n<p>&nbsp;<\/p>\n<p>&nbsp;<\/p>\n<h2><img loading=\"lazy\" decoding=\"async\" class=\"alignright size-full wp-image-1450\" src=\"http:\/\/innovationsgesellschaft.ch\/wp-content\/uploads\/2013\/07\/FramingNAno.png\" alt=\"FramingNAno\" width=\"150\" height=\"216\" srcset=\"http:\/\/innovationsgesellschaft.ch\/wp-content\/uploads\/2013\/07\/FramingNAno.png 150w, http:\/\/innovationsgesellschaft.ch\/wp-content\/uploads\/2013\/07\/FramingNAno-86x124.png 86w\" sizes=\"auto, (max-width: 150px) 100vw, 150px\" \/>FramingNano Mapping Study on Regulation and Governance of Nanotechnologies<\/h2>\n<p>February 12th, 2009<\/p>\n<h3>Authors<\/h3>\n<p>Mantovani, E., Porcari, A., Meili, C., Widmer, M.<\/p>\n<h3>Description<\/h3>\n<p>The report identifies applications of nanotechnology, summarizes the risk-debate and composes existing approaches and positions to regulatory issues.<\/p>\n<h3>Document<\/h3>\n<p>Download:\u00a0<a href=\"http:\/\/innovationsgesellschaft.ch\/wp-content\/uploads\/2013\/07\/FramingNano_MappingStudy.pdf\">PDF-File<\/a>\u00a0(english, 2.01 MB)<\/p>\n<p>&nbsp;<\/p>\n<h2><img loading=\"lazy\" decoding=\"async\" class=\"alignright size-full wp-image-1427\" src=\"http:\/\/innovationsgesellschaft.ch\/wp-content\/uploads\/2013\/07\/Nanoreg08.png\" alt=\"Nanoreg08\" width=\"150\" height=\"213\" srcset=\"http:\/\/innovationsgesellschaft.ch\/wp-content\/uploads\/2013\/07\/Nanoreg08.png 150w, http:\/\/innovationsgesellschaft.ch\/wp-content\/uploads\/2013\/07\/Nanoreg08-87x124.png 87w\" sizes=\"auto, (max-width: 150px) 100vw, 150px\" \/><\/h2>\n<h2>4th NanoRegulation Conference Report:<\/h2>\n<p>Voluntary Measures in Nano Risk Governance<\/p>\n<p>September 2008<\/p>\n<h3>Authors<\/h3>\n<p>C. Meili, M. P. H\u00fcrzeler, S. Kn\u00e9bel, M. Widmer<\/p>\n<h3>Document<\/h3>\n<p>Download:\u00a0<a href=\"http:\/\/innovationsgesellschaft.ch\/wp-content\/uploads\/2013\/07\/NanoRegulation_4_Report_2008_large.pdf\">PDF-File<\/a>\u00a0(english, 12.3 MB)<\/p>\n<p>&nbsp;<\/p>\n<p>&nbsp;<\/p>\n<h2><img loading=\"lazy\" decoding=\"async\" class=\"alignright size-full wp-image-1455\" src=\"http:\/\/innovationsgesellschaft.ch\/wp-content\/uploads\/2013\/07\/Aktionsplan.png\" alt=\"Aktionsplan\" width=\"150\" height=\"220\" srcset=\"http:\/\/innovationsgesellschaft.ch\/wp-content\/uploads\/2013\/07\/Aktionsplan.png 150w, http:\/\/innovationsgesellschaft.ch\/wp-content\/uploads\/2013\/07\/Aktionsplan-84x124.png 84w\" sizes=\"auto, (max-width: 150px) 100vw, 150px\" \/>Action Plan Synthetic Nanomaterials<\/h2>\n<p>April 9th, 2008<\/p>\n<h3>Authors<\/h3>\n<p>BAFU, BAG, SECO, in collaboration with the Innovation Society Ltd.<\/p>\n<h3>Description<\/h3>\n<p>Report of the Federal Council. The action plan aims to create a regulatory framework for the responsible use of nanomaterials.<\/p>\n<h3>Document<\/h3>\n<p>Download:\u00a0PDF-File\u00a0(547 KB)<\/p>\n<p>(<a style=\"font-size: 13px;\" href=\"http:\/\/innovationsgesellschaft.ch\/wp-content\/uploads\/2013\/07\/Aktionsplan_english.pdf\">english<\/a><span style=\"font-size: 13px;\">,\u00a0<\/span><a style=\"font-size: 13px;\" href=\"http:\/\/innovationsgesellschaft.ch\/wp-content\/uploads\/2013\/07\/Aktionsplan_francais.pdf\">fran\u00e7ais<\/a><span style=\"font-size: 13px;\">,\u00a0<\/span><a style=\"font-size: 13px;\" href=\"http:\/\/innovationsgesellschaft.ch\/wp-content\/uploads\/2015\/01\/Piano-Nanomateriali-di-sintesi.pdf\">italiano<\/a><span style=\"font-size: 13px;\">,<\/span><span style=\"font-size: 13px;\">\u00a0<\/span><a style=\"font-size: 13px;\" href=\"http:\/\/innovationsgesellschaft.ch\/wp-content\/uploads\/2013\/07\/Aktionsplan_Nanomaterialien.pdf\">deutsch<\/a><span style=\"font-size: 13px;\">)<\/span><\/p>\n<p>&nbsp;<\/p>\n<p>&nbsp;<\/p>\n<h2><img loading=\"lazy\" decoding=\"async\" class=\"alignright size-full wp-image-1431\" src=\"http:\/\/innovationsgesellschaft.ch\/wp-content\/uploads\/2013\/07\/Nanoreg07.png\" alt=\"Nanoreg07\" width=\"150\" height=\"225\" srcset=\"http:\/\/innovationsgesellschaft.ch\/wp-content\/uploads\/2013\/07\/Nanoreg07.png 150w, http:\/\/innovationsgesellschaft.ch\/wp-content\/uploads\/2013\/07\/Nanoreg07-82x124.png 82w\" sizes=\"auto, (max-width: 150px) 100vw, 150px\" \/><\/h2>\n<h2>3rd NanoRegulation Conference \u00a0Report:<\/h2>\n<p>Regulation of Nanotechnology in Consumer Products<\/p>\n<p>October 2007<\/p>\n<h3>Authors<\/h3>\n<p>C. Meili, M. Lemke, M. Widmer<\/p>\n<h3>Document<\/h3>\n<p>Download:\u00a0<a href=\"http:\/\/innovationsgesellschaft.ch\/wp-content\/uploads\/2013\/07\/NanoRegulation_3_Report_2007_small.pdf\">PDF-File<\/a>\u00a0(english, 5.12 MB)<\/p>\n<p>&nbsp;<\/p>\n<p>&nbsp;<\/p>\n<h2><img loading=\"lazy\" decoding=\"async\" class=\"alignright size-full wp-image-1463\" src=\"http:\/\/innovationsgesellschaft.ch\/wp-content\/uploads\/2013\/07\/Grundlagenbereicht.png\" alt=\"Grundlagenbereicht\" width=\"150\" height=\"212\" srcset=\"http:\/\/innovationsgesellschaft.ch\/wp-content\/uploads\/2013\/07\/Grundlagenbereicht.png 150w, http:\/\/innovationsgesellschaft.ch\/wp-content\/uploads\/2013\/07\/Grundlagenbereicht-87x124.png 87w\" sizes=\"auto, (max-width: 150px) 100vw, 150px\" \/><\/h2>\n<h2>Basic Report: Action Plan Synthetic Nanomaterials<\/h2>\n<p>2007<\/p>\n<h3>Authors<\/h3>\n<p>C. Meili, M. Widmer, F. Husmann, P. Gehr, F. Blank, M. Riediker, K. Schmid, W. Stark, L. Limbach.<\/p>\n<h3>Description<\/h3>\n<p>The basic report summarizes the current state of knowledge about risks of synthetic nanoparticles.<\/p>\n<h3>Document<\/h3>\n<p>Download:\u00a0<a href=\"http:\/\/innovationsgesellschaft.ch\/wp-content\/uploads\/2013\/07\/GrundlagenberichtAktionsplan.pdf\">PDF-File<\/a>\u00a0(german, 3.6 MB)<\/p>\n<p>(<a href=\"http:\/\/innovationsgesellschaft.ch\/wp-content\/uploads\/2013\/07\/GrundlagenberichtSummaryFrench.pdf\">r\u00e9sum\u00e9 en fran\u00e7ais<\/a>,\u00a0<a href=\"http:\/\/innovationsgesellschaft.ch\/wp-content\/uploads\/2013\/07\/GrundlagenberichtSummaryItalian.pdf\">riassunto in italiano<\/a>,\u00a0<a href=\"http:\/\/innovationsgesellschaft.ch\/wp-content\/uploads\/2013\/07\/GrundlagenberichtSummaryEnglish.pdf\">summary in english<\/a>)<\/p>\n<p>&nbsp;<\/p>\n<p>&nbsp;<\/p>\n<h2><img loading=\"lazy\" decoding=\"async\" class=\"alignright size-full wp-image-1435\" src=\"http:\/\/innovationsgesellschaft.ch\/wp-content\/uploads\/2013\/07\/NanoReg06.png\" alt=\"NanoReg06\" width=\"150\" height=\"220\" srcset=\"http:\/\/innovationsgesellschaft.ch\/wp-content\/uploads\/2013\/07\/NanoReg06.png 150w, http:\/\/innovationsgesellschaft.ch\/wp-content\/uploads\/2013\/07\/NanoReg06-84x124.png 84w\" sizes=\"auto, (max-width: 150px) 100vw, 150px\" \/><\/h2>\n<h2>2nd NanoRegulation Conference Report:<\/h2>\n<p>Safety Risk and Regulation of Engineered Nanoparticles - Results, Trends, Perspectives<\/p>\n<p>October 2006<\/p>\n<h3>Authors<\/h3>\n<p>C. Meili, F. Husmann<\/p>\n<h3>Document<\/h3>\n<p>Download:\u00a0<a href=\"http:\/\/innovationsgesellschaft.ch\/wp-content\/uploads\/2013\/07\/NanoRegulation_2_Report_2006.pdf\">PDF-File<\/a>\u00a0(english, 5 MB)<\/p>\n<p>&nbsp;<\/p>\n<p>&nbsp;<\/p>\n<h2><img loading=\"lazy\" decoding=\"async\" class=\"alignright size-full wp-image-1438\" src=\"http:\/\/innovationsgesellschaft.ch\/wp-content\/uploads\/2013\/07\/NanoReg06a.png\" alt=\"NanoReg06a\" width=\"150\" height=\"220\" srcset=\"http:\/\/innovationsgesellschaft.ch\/wp-content\/uploads\/2013\/07\/NanoReg06a.png 150w, http:\/\/innovationsgesellschaft.ch\/wp-content\/uploads\/2013\/07\/NanoReg06a-84x124.png 84w\" sizes=\"auto, (max-width: 150px) 100vw, 150px\" \/><\/h2>\n<h2>1st NanoRegulation Conference Report<\/h2>\n<p>March 2006<\/p>\n<h3>Author<\/h3>\n<p>C. Meili<\/p>\n<h3>Document<\/h3>\n<p>Download:\u00a0<a href=\"http:\/\/innovationsgesellschaft.ch\/wp-content\/uploads\/2013\/07\/NanoRegulation_1_Report_2005.pdf\">PDF-File<\/a>\u00a0(english, 848 KB)<\/p>\n","protected":false},"excerpt":{"rendered":"<p>Open Innovation Monitor 2012: \"Status quo, trends and future prospects\" October 2012 Author R. Rekece, H.-D. Zimmermann, C. Meili Document You can order the white paper by\u00a0E-Mail\u00a0free of charge. Description The \"Open-Innovation-Monitor 2012\" is a regular survey among more than 200 German-speaking executives about open innovation methodology, crowdsourcing and the tools within the open innovation [&hellip;]<\/p>\n","protected":false},"author":22,"featured_media":0,"parent":3377,"menu_order":7,"comment_status":"open","ping_status":"open","template":"","meta":{"footnotes":""},"class_list":["post-3266","page","type-page","status-publish","hentry"],"_links":{"self":[{"href":"http:\/\/innovationsgesellschaft.ch\/en\/wp-json\/wp\/v2\/pages\/3266","targetHints":{"allow":["GET"]}}],"collection":[{"href":"http:\/\/innovationsgesellschaft.ch\/en\/wp-json\/wp\/v2\/pages"}],"about":[{"href":"http:\/\/innovationsgesellschaft.ch\/en\/wp-json\/wp\/v2\/types\/page"}],"author":[{"embeddable":true,"href":"http:\/\/innovationsgesellschaft.ch\/en\/wp-json\/wp\/v2\/users\/22"}],"replies":[{"embeddable":true,"href":"http:\/\/innovationsgesellschaft.ch\/en\/wp-json\/wp\/v2\/comments?post=3266"}],"version-history":[{"count":1,"href":"http:\/\/innovationsgesellschaft.ch\/en\/wp-json\/wp\/v2\/pages\/3266\/revisions"}],"predecessor-version":[{"id":11955,"href":"http:\/\/innovationsgesellschaft.ch\/en\/wp-json\/wp\/v2\/pages\/3266\/revisions\/11955"}],"up":[{"embeddable":true,"href":"http:\/\/innovationsgesellschaft.ch\/en\/wp-json\/wp\/v2\/pages\/3377"}],"wp:attachment":[{"href":"http:\/\/innovationsgesellschaft.ch\/en\/wp-json\/wp\/v2\/media?parent=3266"}],"curies":[{"name":"wp","href":"https:\/\/api.w.org\/{rel}","templated":true}]}}