{"id":3399,"date":"2013-07-30T14:24:42","date_gmt":"2013-07-30T14:24:42","guid":{"rendered":"http:\/\/neu.innovationsgesellschaft.ch\/referenzen\/referenzen-nach-branche\/"},"modified":"2013-08-29T07:44:19","modified_gmt":"2013-08-29T07:44:19","slug":"referenzen-nach-branche","status":"publish","type":"page","link":"http:\/\/innovationsgesellschaft.ch\/en\/references\/referenzen-nach-branche\/","title":{"rendered":"References Industry"},"content":{"rendered":"<h2>Education, Science &amp; Research<\/h2>\n<p>Associazione Italiana Per La Ricerca industriale (AIRI)<\/p>\n<p>Berufsbildungszentrum Sursee (BBZ)<\/p>\n<p>Eidg. Hochschulinstitut f\u00fcr Berufsbildung (EHB)<\/p>\n<p>Eidgen\u00f6ssische Technische Hochschule (ETH) Z\u00fcrich<\/p>\n<p>EMPA (Materials Science &amp; Technology)<\/p>\n<p>Fachhochschule St.Gallen (FHSG)<\/p>\n<p>Gewerbliches Berufs- und Weiterbildungszentrum St.Gallen (GBS)<\/p>\n<p>International Council on Nanotechnology (ICON)<\/p>\n<p>Metrohm Stiftung<\/p>\n<p>P\u00e4dagogische Hochschule des Kt. Thurgau (PHTG)<\/p>\n<p>P\u00e4dagogische Hochschule des Kt. Z\u00fcrich, (PHZH)<\/p>\n<p>P\u00e4dagogische Hochschule des Kt. St.Gallen (PHSG)<\/p>\n<p>P\u00e4dagogische Hochschule des Kt. Graub\u00fcnden (PHGR)<\/p>\n<p>Simply Science Stiftung<\/p>\n<p>Schweizerische Akademie der Naturwissenschaften (scnat)<\/p>\n<p>TA-Swiss, Zentrum f\u00fcr Technologiefolgen-Absch\u00e4tzung<\/p>\n<p>UBS Stiftung f\u00fcr Soziales und Ausbildung<\/p>\n<p>Universit\u00e4t Bern \/ Institut f\u00fcr Anatomie<\/p>\n<p>Volkshochschule des Kantons Z\u00fcrich (VHS)<\/p>\n<p>Zentrum f\u00fcr Lebensmittel und Ern\u00e4hrung<\/p>\n<p>&nbsp;<\/p>\n<h2>Chemical Industry, Medicine &amp; Pharmacy<\/h2>\n<p>Bezirksspital Affoltern<\/p>\n<p>Labor Veritas AG, Z\u00fcrich<\/p>\n<p>\u00d6sterreichische Agentur f\u00fcr Gesundheit (AGES)<\/p>\n<p>Pfizer AG<\/p>\n<p>SEPAWA (Vereinigung der Seifen-, Parf\u00fcm- und Waschmittelfachleute)<\/p>\n<p>Science Industries Schweiz<\/p>\n<p>Swissmedic (Schweizerisches Heilmittelinstitut)<\/p>\n<p>Swiss Association for Veterinarians in Industry (SAVIR)<\/p>\n<p>&nbsp;<\/p>\n<h2>Retail &amp; Consumer Goods Industry<\/h2>\n<p>Bundesverband Deutscher Heimwerker-, Bau- und Gartenfachm\u00e4rkte<\/p>\n<p>Interessengemeinschaft Detailhandel Schweiz (IG-DHS)<\/p>\n<p>Metro Group<\/p>\n<p>Rudolf Oelz Meisterb\u00e4cker GmbH<\/p>\n<p>RWE AG, Essen<\/p>\n<p>Schweizerisches Verpackungsinstitut (SVI)<\/p>\n<p>Tetra Pak<\/p>\n<p>Verband Deutscher Grossb\u00e4ckereien e.V.<\/p>\n<p>Verein Pet Recyling Schweiz (PRS)<\/p>\n<p>&nbsp;<\/p>\n<h2>Industry Goods &amp; Automotive Industry<\/h2>\n<p>ALCAN Technology Services, ATS Neuhausen<\/p>\n<p>B\u00fchler AG<\/p>\n<p>DSM<\/p>\n<p>Endress + Hauser<\/p>\n<p>Swissmem (Verband der Schweiz. Maschinen-, Elektro- und Metallindustrie)<\/p>\n<p>&nbsp;<\/p>\n<h2>Communications &amp; Media<\/h2>\n<p>Euroforum Schweiz<\/p>\n<p>Neue Z\u00fcrcher Zeitung (NZZ)<\/p>\n<p>Ringier AG<\/p>\n<p>&nbsp;<\/p>\n<h2>Management &amp; Certification<\/h2>\n<p>Schweizerische Vereinigung f\u00fcr Qualit\u00e4ts- und Management-Systeme (SQS)<\/p>\n<p>Swiss Project Management Association (SPM)<\/p>\n<p>T\u00dcV-S\u00dcD Industrie Service<\/p>\n<p>&nbsp;<\/p>\n<h2>Traid Fairs &amp; Conferences<\/h2>\n<p>Easyfairs<\/p>\n<p>IIR Deutschland GmbH<\/p>\n<p>Messe Schweiz Basel AG<\/p>\n<p>NanoEurope Kongress<\/p>\n<p>Nuklearforum<\/p>\n<p>OLMA Messen St.Gallen<\/p>\n<p>PIRA International<\/p>\n<p>&nbsp;<\/p>\n<h2>Networks &amp; NGO<\/h2>\n<p>Nano-Cluster Bodensee<\/p>\n<p>Schweizerischer Tierschutz (STS)<\/p>\n<p>Technologiezentrum Bodensee<\/p>\n<p>&nbsp;<\/p>\n<h2>Public Administration<\/h2>\n<p>Amt f\u00fcr Abfall, Wasser, Energie und Luft (AWEL) des Kantons Z\u00fcrich<\/p>\n<p>Amt f\u00fcr Umweltschutz (AUS) des F\u00fcrstentums Liechtenstein, Vaduz<\/p>\n<p>Amt f\u00fcr Volkswirtschaft des F\u00fcrstentums Liechtenstein, Vaduz<\/p>\n<p>Bayerisches Landesamt f\u00fcr Gesundheit und Lebensmittelsicherheit<\/p>\n<p>Bundesamt f\u00fcr Berufsbildung und Technologie (BBT)<\/p>\n<p>Bundesamt f\u00fcr Gesundheit (BAG)<\/p>\n<p>Bundesamt f\u00fcr Landwirtschaft (BLW)<\/p>\n<p>Bundesamt f\u00fcr Umwelt (BAFU)<\/p>\n<p>Bundesministerium f\u00fcr Umwelt, Naturschutz und Reaktorsicherheit (BMU), Berlin<\/p>\n<p>Deutsche Gesetzliche Unfallversicherung (DGUV)<\/p>\n<p>Europ\u00e4ische Kommission (EC)<\/p>\n<p>Lebensministerium, Wien<\/p>\n<p>Organisation for Economic Co-operation and Development (OECD)<\/p>\n<p>Staatssekretariat f\u00fcr Wirtschaft (seco)<\/p>\n<p>&nbsp;<\/p>\n<h2>Insurances<\/h2>\n<p>Helvetia Versicherungen<\/p>\n<p>K\u00f6lnische R\u00fcckversicherungsgesellschaft (Gen Re)<\/p>\n<p>M\u00fcnchener R\u00fcck (Munich Re Group)<\/p>\n<p>Schweizerische R\u00fcckversicherungsgesellschaft (Swiss Re)<\/p>\n<p>Schweizerischer Versicherungsverband (SVV)<\/p>\n<p>SCOR R\u00fcckversicherungen<\/p>\n<p>SUVA (Schweizerische Unfallversicherungsanstalt)<\/p>\n<p>Z\u00fcrich Financial Services<\/p>\n","protected":false},"excerpt":{"rendered":"<p>Education, Science &amp; Research Associazione Italiana Per La Ricerca industriale (AIRI) Berufsbildungszentrum Sursee (BBZ) Eidg. Hochschulinstitut f\u00fcr Berufsbildung (EHB) Eidgen\u00f6ssische Technische Hochschule (ETH) Z\u00fcrich EMPA (Materials Science &amp; Technology) Fachhochschule St.Gallen (FHSG) Gewerbliches Berufs- und Weiterbildungszentrum St.Gallen (GBS) International Council on Nanotechnology (ICON) Metrohm Stiftung P\u00e4dagogische Hochschule des Kt. Thurgau (PHTG) P\u00e4dagogische Hochschule des Kt. [&hellip;]<\/p>\n","protected":false},"author":22,"featured_media":0,"parent":3393,"menu_order":1,"comment_status":"open","ping_status":"open","template":"","meta":{"footnotes":""},"class_list":["post-3399","page","type-page","status-publish","hentry"],"_links":{"self":[{"href":"http:\/\/innovationsgesellschaft.ch\/en\/wp-json\/wp\/v2\/pages\/3399","targetHints":{"allow":["GET"]}}],"collection":[{"href":"http:\/\/innovationsgesellschaft.ch\/en\/wp-json\/wp\/v2\/pages"}],"about":[{"href":"http:\/\/innovationsgesellschaft.ch\/en\/wp-json\/wp\/v2\/types\/page"}],"author":[{"embeddable":true,"href":"http:\/\/innovationsgesellschaft.ch\/en\/wp-json\/wp\/v2\/users\/22"}],"replies":[{"embeddable":true,"href":"http:\/\/innovationsgesellschaft.ch\/en\/wp-json\/wp\/v2\/comments?post=3399"}],"version-history":[{"count":0,"href":"http:\/\/innovationsgesellschaft.ch\/en\/wp-json\/wp\/v2\/pages\/3399\/revisions"}],"up":[{"embeddable":true,"href":"http:\/\/innovationsgesellschaft.ch\/en\/wp-json\/wp\/v2\/pages\/3393"}],"wp:attachment":[{"href":"http:\/\/innovationsgesellschaft.ch\/en\/wp-json\/wp\/v2\/media?parent=3399"}],"curies":[{"name":"wp","href":"https:\/\/api.w.org\/{rel}","templated":true}]}}